{"id":2,"date":"2017-02-09T03:48:21","date_gmt":"2017-02-09T03:48:21","guid":{"rendered":"http:\/\/barcodenet.de\/?page_id=2"},"modified":"2018-09-02T19:43:34","modified_gmt":"2018-09-02T19:43:34","slug":"home","status":"publish","type":"page","link":"http:\/\/barcodenet.de\/","title":{"rendered":"Home"},"content":{"rendered":"<h1>Herzlich willkommen.<\/h1>\n<p>Sie finden hier Informationen \u00fcber unsere angebotenen Barcode Scanner, Barcode Drucker, Programmierung.<\/p>\n<ul>\n<li>mobile Barcode Scanner<\/li>\n<li>Datenerfassung<\/li>\n<li>RFID<\/li>\n<li>Barcode Drucker<\/li>\n<li>App Programmierung: Windows , Android<\/li>\n<li>Reparatur Service Barcode Scanner<\/li>\n<li>Reparatur Service Barcode Drucker<\/li>\n<\/ul>\n<p><strong>Sie ben\u00f6tigen ein Programm, das exakt nach ihren W\u00fcnschen funktioniert? F\u00fcr Android, Windows WindowsCE?<\/strong> Dann sind Sie hier richtig. Bei uns erhalten Sie auf Wunsch alle Komponenten Ihrer L\u00f6sung aus einer Hand. Mit genau auf Ihre W\u00fcnsche angepassten Software. Die erfassten Daten k\u00f6nnen dann bequem in Ihrer Warenwirtschaft weiter verarbeitet werden. Lokal, oder \u00fcber das Internet &#8211; kein Problem.<\/p>\n<p>Bitte schreiben Sie mir eine email: manfred.muehlstein@millstone.de<\/p>\n<p>Nachfolgend Beispiele, f\u00fcr welche mobilen Barcode Erfassungsger\u00e4te wir schon Anwendungen erfolgreich erstellt haben:<\/p>\n<h1><strong>Cipherlab 8200<\/strong><\/h1>\n<p><img decoding=\"async\" loading=\"lazy\" class=\"alignnone size-medium wp-image-129\" src=\"http:\/\/barcodenet.de\/wp-content\/uploads\/2018\/01\/Cipherlab8200-2-251x300.jpg\" alt=\"\" width=\"251\" height=\"300\" srcset=\"http:\/\/barcodenet.de\/wp-content\/uploads\/2018\/01\/Cipherlab8200-2-251x300.jpg 251w, http:\/\/barcodenet.de\/wp-content\/uploads\/2018\/01\/Cipherlab8200-2.jpg 419w\" sizes=\"(max-width: 251px) 100vw, 251px\" \/><\/p>\n<p>Mobiles Terminals mit propriet\u00e4ren Betriebssystemen. Ansprechendes Design und \u00fcberzeugende Ausstattung: Das schlanke Modell 8200 wiegt nur 192g, das Geh\u00e4use l\u00e4sst sich einfach um einen Pistolengriff erg\u00e4nzen. Datenerfassung mit Laserscanner, Linear- oder 2D-Imager, Daten\u00fcbertragung via Docking-Station, WLAN oder Bluetooth. Als Speicher sind 4 MB RAM &amp; 8 MB Flash integriert (per SD-Card erweiterbar). Im Offline-Modus sind Betriebszeiten von mehr als 100 Stunden mit einer Akku-Ladung m\u00f6glich. <strong><a href=\"http:\/\/barcodenet.de\/?page_id=159\">F\u00fcr die Daten\u00fcbertragung Scanner &#8211;&gt; PC, kommt eine eigenentwickelte Software zum Einsatz<\/a>.<\/strong><\/p>\n<h1><strong>Cipherlab 8600<\/strong><\/h1>\n<p><img decoding=\"async\" loading=\"lazy\" class=\"alignnone size-medium wp-image-130\" src=\"http:\/\/barcodenet.de\/wp-content\/uploads\/2018\/01\/Cipherlab8600-2-165x300.jpg\" alt=\"\" width=\"165\" height=\"300\" srcset=\"http:\/\/barcodenet.de\/wp-content\/uploads\/2018\/01\/Cipherlab8600-2-165x300.jpg 165w, http:\/\/barcodenet.de\/wp-content\/uploads\/2018\/01\/Cipherlab8600-2.jpg 247w\" sizes=\"(max-width: 165px) 100vw, 165px\" \/><\/p>\n<p>Mobiles Terminals mit propriet\u00e4ren Betriebssystemen. Ergonomisches Modell mit Farb-Display. Auf dem 2,8\u201c Display mit 240 x 320 px Aufl\u00f6sung lassen sich mobile Programme \u00fcbersichtlich und komfortabel darstellen. In Kombination mit seinem ergonomischen und robusten Geh\u00e4use (240 g, Schutzart IP65, Fallschutz 1,8 m) ist der 8600 in vielen Bereichen einsatzbar. Zur automatischen Datenerfassung k\u00f6nnen Barcode-Laserscanner, Linear- oder 2D-Imager sowie RFID-Reader (HF) ausgew\u00e4hlt werden. Die Daten\u00fcbertragung erfolgt via USB, WLAN (b\/g\/n) oder Bluetooth, erg\u00e4nzend dazu gibt es auch GPS. F\u00fcr optimale Ergonomie kann der Anwender selbst die Tastatur tauschen (mit 29 oder 39 Tasten) oder einen Pistolengriff nachr\u00fcsten.\u00a0<a href=\"http:\/\/barcodenet.de\/?page_id=159\"><strong>F\u00fcr die Daten\u00fcbertragung Scanner &#8211;&gt; PC, kommt eine eigenentwickelte Software zum Einsatz.<\/strong><\/a><\/p>\n<p>&nbsp;<\/p>\n<h1><strong>Cipherlab RS30<\/strong><\/h1>\n<p><img decoding=\"async\" loading=\"lazy\" class=\"alignnone size-medium wp-image-128\" src=\"http:\/\/barcodenet.de\/wp-content\/uploads\/2018\/01\/CipherlabRS30\u00df2-141x300.jpg\" alt=\"\" width=\"141\" height=\"300\" srcset=\"http:\/\/barcodenet.de\/wp-content\/uploads\/2018\/01\/CipherlabRS30\u00df2-141x300.jpg 141w, http:\/\/barcodenet.de\/wp-content\/uploads\/2018\/01\/CipherlabRS30\u00df2.jpg 281w\" sizes=\"(max-width: 141px) 100vw, 141px\" \/><\/p>\n<p>Robustes Android Smartphone mit vielen M\u00f6glichkeiten der automatischen Datenerfassung. Zum effizienten Scannen von Barcodes und 2D-Codes k\u00f6nnen verschiedene Module (Laser, Linear- oder 2D-Imager) integriert werden. Ein RFID-Reader\/Writer (HF) inkl. NFC ist bereits standardm\u00e4\u00dfig eingebaut.<\/p>\n<p>Das 4,7\u201c-Display aus robustem Gorilla Glas 3 sorgt f\u00fcr komfortable Bedienung, als Betriebssystem l\u00e4uft Android 4.4. F\u00fcr z\u00fcgige Daten\u00fcbertragung per Mobilfunk sorgt HSPA+ (3.8G).<\/p>\n<p>Das RS30 ist so auf die Bed\u00fcrfnisse von mobilen Mitarbeitern im Vertrieb, Au\u00dfendienst, Einzelhandel und im Gesundheitssektor zugeschnitten.<\/p>\n<p><strong>F\u00fcr die Daten\u00fcbertragung Scanner &#8211;&gt; PC, kommt eine eigenentwickelte Software zum Einsatz.<\/strong><\/p>\n<p>&nbsp;<\/p>\n<h1><strong>Honeywell ScanPal EDA50K<\/strong><\/h1>\n<p><img decoding=\"async\" loading=\"lazy\" class=\"alignnone size-medium wp-image-127\" src=\"http:\/\/barcodenet.de\/wp-content\/uploads\/2018\/01\/HoneywellEDA50K-300x300.png\" alt=\"\" width=\"300\" height=\"300\" \/><\/p>\n<p>G\u00fcnstiger Android Mobilcomputer f\u00fcr viele professionelle Anwendungen. Eine gewohnte Android-Oberfl\u00e4che auf einem 4\u201c-Touchscreen wird durch eine Tastatur f\u00fcr h\u00e4ufige Zahleneingaben erg\u00e4nzt. F\u00fcr den professionellen Einsatz ist ein Scanner f\u00fcr 2D-Codes und Barcodes integriert, ein Vierkern-Prozessor mit 1,2 MHz, 2 GB RAM und ein 4.000 mAh-Akku sorgen f\u00fcr die entsprechende Leistung. Zur Datenkommunikation stehen WLAN, Bluetooth und NFC zur Verf\u00fcgung.<\/p>\n<p><strong>F\u00fcr die Daten\u00fcbertragung Android Scanner &#8211;&gt; PC, kommt eine eigenentwickelte Software zum Einsatz.<\/strong><\/p>\n<p>&nbsp;<\/p>\n<div class=\"row\">\n<div class=\"col-sm-7\">\n<h1>Nordic ID RF601\/651<\/h1>\n<\/div>\n<div><img decoding=\"async\" loading=\"lazy\" class=\"alignnone size-medium wp-image-135\" src=\"http:\/\/barcodenet.de\/wp-content\/uploads\/2018\/01\/Nordic-ID-RF601-300x300.jpg\" alt=\"\" width=\"300\" height=\"300\" srcset=\"http:\/\/barcodenet.de\/wp-content\/uploads\/2018\/01\/Nordic-ID-RF601-300x300.jpg 300w, http:\/\/barcodenet.de\/wp-content\/uploads\/2018\/01\/Nordic-ID-RF601-150x150.jpg 150w, http:\/\/barcodenet.de\/wp-content\/uploads\/2018\/01\/Nordic-ID-RF601-520x520.jpg 520w, http:\/\/barcodenet.de\/wp-content\/uploads\/2018\/01\/Nordic-ID-RF601.jpg 600w\" sizes=\"(max-width: 300px) 100vw, 300px\" \/><\/div>\n<div class=\"col-sm-7\">Handliche Terminals mit kabelloser Daten\u00fcbertragung via Bluetooth Klasse 1 (RF651) oder 433 MHz-Funk (RF601). Die gesamte Software l\u00e4uft auf dem zentralen Host-System, so entf\u00e4llt eine aufwendige Installation auf den Funkterminals. Die Ger\u00e4te sind mit verschiedenen integrierten Barcodescannern lieferbar.<\/div>\n<\/div>\n<p>&nbsp;<\/p>\n","protected":false},"excerpt":{"rendered":"<p>Herzlich willkommen. Sie finden hier Informationen \u00fcber unsere angebotenen Barcode Scanner, Barcode Drucker, Programmierung. mobile Barcode Scanner Datenerfassung RFID Barcode Drucker App Programmierung: Windows , Android Reparatur Service Barcode Scanner Reparatur Service Barcode Drucker Sie ben\u00f6tigen ein Programm, das exakt nach ihren W\u00fcnschen funktioniert? F\u00fcr Android, Windows WindowsCE? Dann sind Sie hier richtig. Bei uns&hellip;&nbsp;<a href=\"http:\/\/barcodenet.de\/\" class=\"\" rel=\"bookmark\">Weiterlesen &raquo;<span class=\"screen-reader-text\">Home<\/span><\/a><\/p>\n","protected":false},"author":1,"featured_media":0,"parent":0,"menu_order":0,"comment_status":"closed","ping_status":"open","template":"","meta":{"neve_meta_sidebar":"","neve_meta_container":"","neve_meta_enable_content_width":"","neve_meta_content_width":0,"neve_meta_title_alignment":"","neve_meta_author_avatar":"","neve_post_elements_order":"","neve_meta_disable_header":"","neve_meta_disable_footer":"","neve_meta_disable_title":""},"_links":{"self":[{"href":"http:\/\/barcodenet.de\/index.php?rest_route=\/wp\/v2\/pages\/2"}],"collection":[{"href":"http:\/\/barcodenet.de\/index.php?rest_route=\/wp\/v2\/pages"}],"about":[{"href":"http:\/\/barcodenet.de\/index.php?rest_route=\/wp\/v2\/types\/page"}],"author":[{"embeddable":true,"href":"http:\/\/barcodenet.de\/index.php?rest_route=\/wp\/v2\/users\/1"}],"replies":[{"embeddable":true,"href":"http:\/\/barcodenet.de\/index.php?rest_route=%2Fwp%2Fv2%2Fcomments&post=2"}],"version-history":[{"count":29,"href":"http:\/\/barcodenet.de\/index.php?rest_route=\/wp\/v2\/pages\/2\/revisions"}],"predecessor-version":[{"id":189,"href":"http:\/\/barcodenet.de\/index.php?rest_route=\/wp\/v2\/pages\/2\/revisions\/189"}],"wp:attachment":[{"href":"http:\/\/barcodenet.de\/index.php?rest_route=%2Fwp%2Fv2%2Fmedia&parent=2"}],"curies":[{"name":"wp","href":"https:\/\/api.w.org\/{rel}","templated":true}]}}