{"id":169,"date":"2018-05-16T21:07:56","date_gmt":"2018-05-16T21:07:56","guid":{"rendered":"http:\/\/barcodenet.de\/?page_id=169"},"modified":"2018-05-16T21:39:26","modified_gmt":"2018-05-16T21:39:26","slug":"datenschutzerklaerung","status":"publish","type":"page","link":"http:\/\/barcodenet.de\/?page_id=169","title":{"rendered":"Datenschutzerkl\u00e4rung"},"content":{"rendered":"<p style=\"text-align: left;\">Die nachfolgende Datenschutzerkl\u00e4rung gilt f\u00fcr die Nutzung der Webseite www.barcodenet.de (nachfolgend \u201eWebsite\u201c).<br \/>\nWir messen dem Datenschutz gro\u00dfe Bedeutung bei. Die Erhebung und Verarbeitung Ihrer personenbezogenen Daten geschieht unter Beachtung der geltenden datenschutzrechtlichen Vorschriften, insbesondere der EU-Datenschutzgrundverordnung (DSGVO). Wir erheben und verarbeiten Ihre personenbezogenen Daten, um Ihnen das oben genannten Portal anbieten zu k\u00f6nnen. Diese Erkl\u00e4rung beschreibt, wie und zu welchem Zweck Ihre Daten erfasst und genutzt werden und welche Wahlm\u00f6glichkeiten Sie im Zusammenhang mit pers\u00f6nlichen Daten haben.<br \/>\nDurch Ihre Verwendung dieser Website stimmen Sie der Erfassung, Nutzung und \u00dcbertragung Ihrer Daten gem\u00e4\u00df dieser Datenschutzerkl\u00e4rung zu.<\/p>\n<p><strong>1 Verantwortliche Stelle<\/strong><br \/>\nVerantwortliche Stelle f\u00fcr die Erhebung, Verarbeitung und Nutzung Ihrer personenbezogenen Daten im Sinne der DSGVO ist<\/p>\n<p>Manfred M\u00fchlstein, Mirskofenerstr. 23,84098 Hohenthann<\/p>\n<p>Sofern Sie der Erhebung, Verarbeitung oder Nutzung Ihrer Daten durch uns nach Ma\u00dfgabe dieser Datenschutzbestimmungen insgesamt oder f\u00fcr einzelne Ma\u00dfnahmen widersprechen wollen, k\u00f6nnen Sie Ihren Widerspruch an oben genannte verantwortliche Stelle richten.<br \/>\nSie k\u00f6nnen diese Datenschutzerkl\u00e4rung jederzeit speichern und ausdrucken.<\/p>\n<p><strong>2 Allgemeine Nutzung der Webseite<\/strong><\/p>\n<p><strong>2.1 Zugriffsdaten<\/strong><br \/>\nWir sammeln Informationen \u00fcber Sie, wenn Sie diese Webseite nutzen. Wir erfassen automatisch Informationen \u00fcber Ihr Nutzungsverhalten und Ihre Interaktion mit uns und registrieren Daten zu Ihrem Computer oder Mobilger\u00e4t. Wir erheben, speichern und nutzen Daten \u00fcber jeden Zugriff auf unser Onlineangebot (sogenannte Serverlogfiles). Zu den Zugriffsdaten geh\u00f6ren Name und URL der abgerufenen Datei, Datum und Uhrzeit des Abrufs, \u00fcbertragene Datenmenge, Meldung \u00fcber erfolgreichen Abruf (HTTP response code), Browsertyp und Browserversion, Betriebssystem, Referrer URL (d.h. die zuvor besuchte Seite), IP-Adresse und der anfragende Provider.<br \/>\nWir nutzen diese Protokolldaten ohne Zuordnung zu Ihrer Person oder sonstiger Profilerstellung f\u00fcr statistische Auswertungen zum Zweck des Betriebs, der Sicherheit und der Optimierung unseres Onlineangebotes, aber auch zur anonymen Erfassung der Anzahl der Besucher auf unserer Webseite (traffic) sowie zu Umfang und zur Art der Nutzung unserer Webseite und Dienste, ebenso zu Abrechnungszwecken, um die Anzahl der von Kooperationspartnern erhaltenen Clicks zu messen. Aufgrund dieser Informationen k\u00f6nnen wir personalisierte und standortbezogene Inhalte zur Verf\u00fcgung stellen und den Datenverkehr analysieren, Fehler suchen und beheben und unsere Dienste verbessern. Wir behalten uns vor, die Protokolldaten nachtr\u00e4glich zu \u00fcberpr\u00fcfen, wenn aufgrund konkreter Anhaltspunkte der berechtigte Verdacht einer rechtswidrigen Nutzung besteht. IP-Adressen speichern wir f\u00fcr einen begrenzten Zeitraum in den Logfiles, wenn dies f\u00fcr Sicherheitszwecke erforderlich oder f\u00fcr die Leistungserbringung oder die Abrechnung einer Leistung n\u00f6tig ist, z. B. wenn Sie eines unserer Angebote nutzen. Nach Abbruch des Vorgangs der Bestellung oder nach Zahlungseingang l\u00f6schen wir die IP-Adresse, wenn diese f\u00fcr Sicherheitszwecke nicht mehr erforderlich sind. IP-Adressen speichern wir auch dann, wenn wir den konkreten Verdacht einer Straftat im Zusammenhang mit der Nutzung unserer Website haben. Au\u00dferdem speichern wir als Teil Ihres Accounts das Datum Ihres letzten Besuchs (z.B. bei Registrierung, Login, Klicken von Links etc.).<\/p>\n<p><strong>2.2 E-Mail Kontakt<\/strong><br \/>\nWenn Sie mit uns in Kontakt treten (z. B. per Kontaktformular oder E-Mail), speichern wir Ihre Angaben zur Bearbeitung der Anfrage sowie f\u00fcr den Fall, dass Anschlussfragen entstehen. Weitere personenbezogene Daten speichern und nutzen wir nur, wenn Sie dazu einwilligen oder dies ohne besondere Einwilligung gesetzlich zul\u00e4ssig ist.<\/p>\n<p><strong>2.3 Google Analytics<\/strong><br \/>\nWir benutzen Google Analytics, einen Webanalysedienst der Google Inc. (\u201eGoogle\u201c). Google Analytics verwendet sog. \u201eCookies\u201c, Textdateien, die auf Ihrem Computer gespeichert werden und die eine Analyse der Benutzung der Website durch Sie erm\u00f6glichen. Die durch den Cookie erzeugten Informationen \u00fcber Benutzung dieser Website durch die Seitenbesucher werden in der Regel an einen Server von Google in den USA \u00fcbertragen und dort gespeichert.<br \/>\nIm Falle der Aktivierung der IP-Anonymisierung auf dieser Webseite, wird Ihre IP-Adresse von Google jedoch innerhalb von Mitgliedstaaten der Europ\u00e4ischen Union oder in anderen Vertragsstaaten des Abkommens \u00fcber den Europ\u00e4ischen Wirtschaftsraum zuvor gek\u00fcrzt. Nur in Ausnahmef\u00e4llen wird die volle IP-Adresse an einen Server von Google in den USA \u00fcbertragen und dort gek\u00fcrzt. Die IP-Anonymisierung ist auf dieser Website aktiv. In unserem Auftrag wird Google diese Informationen benutzen, um die Nutzung der Website durch Sie auszuwerten, um Reports \u00fcber die Websiteaktivit\u00e4ten zusammenzustellen und um weitere mit der Websitenutzung und der Internetnutzung verbundene Dienstleistungen uns gegen\u00fcber zu erbringen.<br \/>\nDie im Rahmen von Google Analytics von Ihrem Browser \u00fcbermittelte IP-Adresse wird nicht mit anderen Daten von Google zusammengef\u00fchrt. Sie k\u00f6nnen die Speicherung der Cookies durch eine entsprechende Einstellung Ihrer Browser-Software verhindern; wir weisen Sie jedoch darauf hin, dass Sie in diesem Fall gegebenenfalls nicht s\u00e4mtliche Funktionen dieser Website vollumf\u00e4nglich werden nutzen k\u00f6nnen.<br \/>\nSie k\u00f6nnen dar\u00fcber hinaus die Erfassung der durch das Cookie erzeugten und auf ihre Nutzung der Website bezogenen Daten (inkl. Ihrer IP-Adresse) an Google sowie die Verarbeitung dieser Daten durch Google verhindern, indem Sie das unter dem folgenden Link verf\u00fcgbare Browser-Plugin herunterladen und installieren: http:\/\/tools.google.com\/dlpage\/gaoptout?hl=de.<br \/>\nAlternativ zum Browser-Plugin oder innerhalb von Browsern auf mobilen Ger\u00e4ten k\u00f6nnen Sie auf den folgenden Link klicken, um ein Opt-Out-Cookie zu setzen, der die Erfassung durch Google Analytics innerhalb dieser Website zuk\u00fcnftig verhindert (dieses Opt-Out-Cookie\u00a0funktioniert nur in diesem Browser und nur f\u00fcr diese Domain. L\u00f6schen Sie die Cookies in Ihrem Browser, m\u00fcssen Sie diesen Link erneut klicken): Google Analytics deaktivieren2.4 Rechtsgrundlagen und Speicherdauer<br \/>\nRechtsgrundlage der Datenverarbeitung nach den vorstehenden Ziffern ist Art 6 Abs. 1 Buchstabe f) DSGVO. Unsere Interessen an der Datenverarbeitung sind insbesondere die Sicherstellung des Betriebs und der Sicherheit der Webseite, die Untersuchung der Art und Weise der Nutzung der Webseite durch Besucher, und die Vereinfachung der Nutzung der Webseite.<br \/>\nSofern nicht spezifisch angegeben speichern wir personenbezogene Daten nur so lange, wie dies zur Erf\u00fcllung der verfolgten Zwecke notwendig ist.<\/p>\n<p><strong>3 Ihre Rechte als von der Datenverarbeitung Betroffener<\/strong><br \/>\nNach den anwendbaren Gesetzen haben Sie verschiedene Rechte bez\u00fcglich ihrer personenbezogenen Daten. M\u00f6chten Sie diese Rechte geltend machen, so richten Sie Ihre Anfrage bitte per E-Mail oder per Post unter eindeutiger Identifizierung Ihrer Person an die in Ziffer 1 genannte Adresse.<br \/>\nNachfolgend finden Sie eine \u00dcbersicht \u00fcber Ihre Rechte.<\/p>\n<p><strong>3.1 Recht auf Best\u00e4tigung und Auskunft<\/strong><br \/>\nSie haben jederzeit das Recht, von uns eine Best\u00e4tigung dar\u00fcber zu erhalten, ob Sie betreffende personenbezogene Daten verarbeitet werden. Ist dies der Fall, so haben Sie das Recht, von uns eine unentgeltliche Auskunft \u00fcber die zu Ihnen gespeicherten personenbezogenen Daten nebst einer Kopie dieser Daten zu erlangen. Desweiteren besteht ein Recht auf folgende Informationen:<\/p>\n<p>1. die Verarbeitungszwecke;<\/p>\n<p>2. die Kategorien personenbezogener Daten, die verarbeitet werden;<\/p>\n<p>3. die Empf\u00e4nger oder Kategorien von Empf\u00e4ngern, gegen\u00fcber denen die personenbezogenen Daten offengelegt worden sind oder noch offengelegt werden, insbesondere bei Empf\u00e4ngern in Drittl\u00e4ndern oder bei internationalen Organisationen;<\/p>\n<p>4. falls m\u00f6glich die geplante Dauer, f\u00fcr die die personenbezogenen Daten gespeichert werden, oder, falls dies nicht m\u00f6glich ist, die Kriterien f\u00fcr die Festlegung dieser Dauer;<\/p>\n<p>5. das Bestehen eines Rechts auf Berichtigung oder L\u00f6schung der Sie betreffenden personenbezogenen Daten oder auf Einschr\u00e4nkung der Verarbeitung durch den Verantwortlichen oder eines Widerspruchsrechts gegen diese Verarbeitung;<\/p>\n<p>6. das Bestehen eines Beschwerderechts bei einer Aufsichtsbeh\u00f6rde;<\/p>\n<p>7. wenn die personenbezogenen Daten nicht bei Ihnen erhoben werden, alle verf\u00fcgbaren Informationen \u00fcber die Herkunft der Daten;<\/p>\n<p>8. das Bestehen einer automatisierten Entscheidungsfindung einschlie\u00dflich Profiling gem\u00e4\u00df Artikel 22 Abs\u00e4tze 1 und 4 DSGVO und \u2013 zumindest in diesen F\u00e4llen \u2013 aussagekr\u00e4ftige Informationen \u00fcber die involvierte Logik sowie die Tragweite und die angestrebten Auswirkungen einer derartigen Verarbeitung f\u00fcr Sie.<br \/>\nWerden personenbezogene Daten an ein Drittland oder an eine internationale Organisation \u00fcbermittelt, so haben Sie das Recht, \u00fcber die geeigneten Garantien gem\u00e4\u00df Artikel 46 DSGVO im Zusammenhang mit der \u00dcbermittlung unterrichtet zu werden.<\/p>\n<p><strong>3.2 Recht auf Berichtigung<\/strong><br \/>\nSie haben das Recht, von uns unverz\u00fcglich die Berichtigung Sie betreffender unrichtiger personenbezogener Daten zu verlangen. Unter Ber\u00fccksichtigung der Zwecke der haben Sie das Recht, die Vervollst\u00e4ndigung unvollst\u00e4ndiger personenbezogener Daten \u2013 auch mittels einer erg\u00e4nzenden Erkl\u00e4rung \u2013 zu verlangen.<\/p>\n<p><strong>3.3 Recht auf L\u00f6schung (\u201eRecht auf Vergessenwerden\u201c)<\/strong><br \/>\nSie haben das Recht, von uns zu verlangen, dass Sie betreffende personenbezogene Daten unverz\u00fcglich gel\u00f6scht werden, und wir sind verpflichtet, personenbezogene Daten unverz\u00fcglich zu l\u00f6schen, sofern einer der folgenden Gr\u00fcnde zutrifft:<\/p>\n<p>1. Die personenbezogenen Daten sind f\u00fcr die Zwecke, f\u00fcr die sie erhoben oder auf sonstige Weise verarbeitet wurden, nicht mehr notwendig.<\/p>\n<p>2. Sie widerrufen Ihre Einwilligung, auf die sich die Verarbeitung gem\u00e4\u00df Artikel 6 Absatz 1 DSGVO Buchstabe a oder Artikel 9 Absatz 2 Buchstabe a DSGVO st\u00fctzte, und es fehlt an einer anderweitigen Rechtsgrundlage f\u00fcr die Verarbeitung.<\/p>\n<p>3. Sie legen gem\u00e4\u00df Artikel 21 Absatz 1 DSGVO Widerspruch gegen die Verarbeitung ein und es liegen keine vorrangigen berechtigten Gr\u00fcnde f\u00fcr die Verarbeitung vor, oder Sie legen gem\u00e4\u00df Artikel 21 Absatz 2 DSGVO Widerspruch gegen die Verarbeitung ein.<\/p>\n<p>4. Die personenbezogenen Daten wurden unrechtm\u00e4\u00dfig verarbeitet.<\/p>\n<p>5. Die L\u00f6schung der personenbezogenen Daten ist zur Erf\u00fcllung einer rechtlichen Verpflichtung nach dem Unionsrecht oder dem Recht der Mitgliedstaaten erforderlich, dem wir unterliegen.<\/p>\n<p>6. Die personenbezogenen Daten wurden in Bezug auf angebotene Dienste der Informationsgesellschaft gem\u00e4\u00df Artikel 8 Absatz 1 DSGVO erhoben.<\/p>\n","protected":false},"excerpt":{"rendered":"<p>Die nachfolgende Datenschutzerkl\u00e4rung gilt f\u00fcr die Nutzung der Webseite www.barcodenet.de (nachfolgend \u201eWebsite\u201c). Wir messen dem Datenschutz gro\u00dfe Bedeutung bei. Die Erhebung und Verarbeitung Ihrer personenbezogenen Daten geschieht unter Beachtung der geltenden datenschutzrechtlichen Vorschriften, insbesondere der EU-Datenschutzgrundverordnung (DSGVO). Wir erheben und verarbeiten Ihre personenbezogenen Daten, um Ihnen das oben genannten Portal anbieten zu k\u00f6nnen. Diese Erkl\u00e4rung&hellip;&nbsp;<a href=\"http:\/\/barcodenet.de\/?page_id=169\" class=\"\" rel=\"bookmark\">Weiterlesen &raquo;<span class=\"screen-reader-text\">Datenschutzerkl\u00e4rung<\/span><\/a><\/p>\n","protected":false},"author":1,"featured_media":0,"parent":0,"menu_order":0,"comment_status":"closed","ping_status":"closed","template":"","meta":{"neve_meta_sidebar":"","neve_meta_container":"","neve_meta_enable_content_width":"","neve_meta_content_width":0,"neve_meta_title_alignment":"","neve_meta_author_avatar":"","neve_post_elements_order":"","neve_meta_disable_header":"","neve_meta_disable_footer":"","neve_meta_disable_title":""},"_links":{"self":[{"href":"http:\/\/barcodenet.de\/index.php?rest_route=\/wp\/v2\/pages\/169"}],"collection":[{"href":"http:\/\/barcodenet.de\/index.php?rest_route=\/wp\/v2\/pages"}],"about":[{"href":"http:\/\/barcodenet.de\/index.php?rest_route=\/wp\/v2\/types\/page"}],"author":[{"embeddable":true,"href":"http:\/\/barcodenet.de\/index.php?rest_route=\/wp\/v2\/users\/1"}],"replies":[{"embeddable":true,"href":"http:\/\/barcodenet.de\/index.php?rest_route=%2Fwp%2Fv2%2Fcomments&post=169"}],"version-history":[{"count":5,"href":"http:\/\/barcodenet.de\/index.php?rest_route=\/wp\/v2\/pages\/169\/revisions"}],"predecessor-version":[{"id":184,"href":"http:\/\/barcodenet.de\/index.php?rest_route=\/wp\/v2\/pages\/169\/revisions\/184"}],"wp:attachment":[{"href":"http:\/\/barcodenet.de\/index.php?rest_route=%2Fwp%2Fv2%2Fmedia&parent=169"}],"curies":[{"name":"wp","href":"https:\/\/api.w.org\/{rel}","templated":true}]}}